{"id":2,"date":"2015-04-07T16:07:53","date_gmt":"2015-04-07T16:07:53","guid":{"rendered":"http:\/\/agenturenimnetz.de\/profis\/?page_id=2"},"modified":"2018-06-17T21:23:26","modified_gmt":"2018-06-17T19:23:26","slug":"digitaler-vertrieb","status":"publish","type":"page","link":"https:\/\/agenturenimnetz.de\/profis\/","title":{"rendered":"Start"},"content":{"rendered":"<p>[et_pb_section fb_built=&#8220;1&#8243; background_color=&#8220;#f2f2f2&#8243; padding_mobile=&#8220;off&#8220; fullwidth=&#8220;on&#8220; admin_label=&#8220;section&#8220;][et_pb_fullwidth_header title=&#8220;Agenturen im Netz&#8220; subhead=&#8220;Digitaler Vertrieb f\u00fcr Versicherungen, Finanzen und Immobilien&#8220; background_layout=&#8220;dark&#8220; text_orientation=&#8220;center&#8220; header_fullscreen=&#8220;on&#8220; header_scroll_down=&#8220;on&#8220; scroll_down_icon=&#8220;%%2%%&#8220; scroll_down_icon_size=&#8220;80px&#8220; button_one_text=&#8220;Mehr erfahren&#8220; button_one_url=&#8220;#kunden-gewinnen&#8220; background_url=&#8220;https:\/\/agenturenimnetz.de\/profis\/wp-content\/uploads\/sites\/5\/2015\/04\/We-Work-We-Wait.jpg&#8220; background_overlay_color=&#8220;rgba(0,0,0,0.25)&#8220; logo_image_url=&#8220;https:\/\/agenturenimnetz.de\/profis\/wp-content\/uploads\/sites\/5\/2015\/04\/AIN_Logo_64x64.jpg&#8220; subhead_font=&#8220;|on|||&#8220; subhead_font_size=&#8220;20px&#8220; custom_button_one=&#8220;on&#8220; button_one_font=&#8220;|on|||&#8220; button_one_use_icon=&#8220;off&#8220;]<br \/>\n[\/et_pb_fullwidth_header][\/et_pb_section][et_pb_section fb_built=&#8220;1&#8243; custom_padding=&#8220;|&#8220; padding_mobile=&#8220;off&#8220; admin_label=&#8220;section&#8220; module_id=&#8220;kunden-gewinnen&#8220;][et_pb_row custom_padding=&#8220;1px|1px&#8220; padding_mobile=&#8220;off&#8220; make_equal=&#8220;on&#8220; column_padding_mobile=&#8220;on&#8220; padding_top_1=&#8220;1&#8243; admin_label=&#8220;row&#8220;][et_pb_column type=&#8220;1_2&#8243; padding_top=&#8220;1&#8243; parallax=&#8220;off&#8220; parallax_method=&#8220;on&#8220; column_padding_mobile=&#8220;on&#8220;][et_pb_image src=&#8220;https:\/\/agenturenimnetz.de\/profis\/wp-content\/uploads\/sites\/5\/2015\/04\/AIN_Devices.png&#8220; animation=&#8220;off&#8220;]<br \/>\n[\/et_pb_image][\/et_pb_column][et_pb_column type=&#8220;1_2&#8243; parallax=&#8220;off&#8220; parallax_method=&#8220;on&#8220; column_padding_mobile=&#8220;on&#8220;][et_pb_divider height=&#8220;10&#8243;]<br \/>\n[\/et_pb_divider][et_pb_cta title=&#8220;Wir bringen Ihre Beratungskompetenz ins Netz&#8220; button_url=&#8220;#Newsletter&#8220; button_text=&#8220;Jetzt starten&#8220; use_background_color=&#8220;off&#8220; background_layout=&#8220;light&#8220; text_orientation=&#8220;left&#8220; header_font=&#8220;|on|||&#8220; header_font_size=&#8220;30&#8243; header_font_size_tablet=&#8220;26&#8243; header_font_size_last_edited=&#8220;on|desktop&#8220; custom_button=&#8220;on&#8220; button_text_color=&#8220;#ffffff&#8220; button_bg_color=&#8220;#83c138&#8243; button_border_color=&#8220;#83c138&#8243;]<\/p>\n<p>Unser Beratungs- und Vertriebsportal\u00a0unterst\u00fctzt Agenturen und Makler bei der digitalen Transformation. Es versetzt Sie in die Lage, sich online als Experte zu positionieren, Interesse zu wecken, neue\u00a0Kunden zu gewinnen, digital zu beraten, und F\u00fcrsprecher zu begeistern.<\/p>\n<p>[\/et_pb_cta][\/et_pb_column][\/et_pb_row][\/et_pb_section][et_pb_section fb_built=&#8220;1&#8243; background_color=&#8220;#f2f2f2&#8243; padding_mobile=&#8220;off&#8220; admin_label=&#8220;section&#8220;][et_pb_row padding_mobile=&#8220;off&#8220; column_padding_mobile=&#8220;on&#8220; admin_label=&#8220;row&#8220;][et_pb_column type=&#8220;4_4&#8243; parallax=&#8220;off&#8220; parallax_method=&#8220;on&#8220; column_padding_mobile=&#8220;on&#8220;][et_pb_text]<\/p>\n<h2 style=\"text-align: center;\"><strong>So automatisiert wie m\u00f6glich &#8211; So individuell wie n\u00f6tig<\/strong><\/h2>\n<p>[\/et_pb_text][\/et_pb_column][\/et_pb_row][et_pb_row padding_mobile=&#8220;off&#8220; column_padding_mobile=&#8220;on&#8220; admin_label=&#8220;row&#8220;][et_pb_column type=&#8220;1_4&#8243; parallax=&#8220;off&#8220; parallax_method=&#8220;on&#8220; column_padding_mobile=&#8220;on&#8220;][et_pb_blurb title=&#8220;Interesse wecken&#8220; icon_color=&#8220;#ffffff&#8220; use_circle=&#8220;on&#8220; image=&#8220;https:\/\/agenturenimnetz.de\/profis\/wp-content\/uploads\/sites\/5\/2015\/04\/Flat-Icons-06-04_green.png&#8220; animation=&#8220;off&#8220; text_orientation=&#8220;center&#8220; admin_label=&#8220;Interesse wecken&#8220; header_font=&#8220;|on|||&#8220; body_line_height=&#8220;2em&#8220;]<\/p>\n<p>Wir k\u00fcmmern uns um Ihre digitale Positionierung und sorgen daf\u00fcr, dass potenzielle Kunden Sie finden.<\/p>\n<p>[\/et_pb_blurb][\/et_pb_column][et_pb_column type=&#8220;1_4&#8243; parallax=&#8220;off&#8220; parallax_method=&#8220;on&#8220; column_padding_mobile=&#8220;on&#8220;][et_pb_blurb title=&#8220;Leads generieren&#8220; image=&#8220;https:\/\/agenturenimnetz.de\/profis\/wp-content\/uploads\/sites\/5\/2015\/04\/Flat-Icons-08-08_green.png&#8220; animation=&#8220;off&#8220; text_orientation=&#8220;center&#8220; header_font=&#8220;|on|||&#8220; body_line_height=&#8220;2em&#8220;]<\/p>\n<p>Hochwertige Inhalte st\u00e4rken Ihre Expertenpositionierung und generieren kontinuierlich Leads.<\/p>\n<p>[\/et_pb_blurb][\/et_pb_column][et_pb_column type=&#8220;1_4&#8243; parallax=&#8220;off&#8220; parallax_method=&#8220;on&#8220; column_padding_mobile=&#8220;on&#8220;][et_pb_blurb title=&#8220;Kunden gewinnen&#8220; image=&#8220;https:\/\/agenturenimnetz.de\/profis\/wp-content\/uploads\/sites\/5\/2015\/04\/Flat-Icons-01-12_green.png&#8220; animation=&#8220;off&#8220; text_orientation=&#8220;center&#8220; header_font=&#8220;|on|||&#8220; body_line_height=&#8220;2em&#8220;]<\/p>\n<p>Durch nachhaltige Kontaktpflege und Online Beratung verwandeln Sie neue Kontakte\u00a0in zufriedene Kunden.<\/p>\n<p>[\/et_pb_blurb][\/et_pb_column][et_pb_column type=&#8220;1_4&#8243; parallax=&#8220;off&#8220; parallax_method=&#8220;on&#8220; column_padding_mobile=&#8220;on&#8220;][et_pb_blurb title=&#8220;Kunden binden&#8220; image=&#8220;https:\/\/agenturenimnetz.de\/profis\/wp-content\/uploads\/sites\/5\/2015\/04\/Flat-Icons-01-28_green.png&#8220; animation=&#8220;off&#8220; text_orientation=&#8220;center&#8220; header_font=&#8220;|on|||&#8220; body_line_height=&#8220;2em&#8220;]<\/p>\n<p>Wir helfen Ihnen die Kundenbindung zu st\u00e4rken, Kunden zu begeistern und f\u00fcr Empfehlungen zu belohnen.<\/p>\n<p>[\/et_pb_blurb][\/et_pb_column][\/et_pb_row][\/et_pb_section][et_pb_section fb_built=&#8220;1&#8243; background_color=&#8220;#3396d1&#8243; background_image=&#8220;https:\/\/agenturenimnetz.de\/profis\/wp-content\/uploads\/sites\/5\/2015\/04\/Anmeldung.jpg&#8220; inner_shadow=&#8220;on&#8220; padding_mobile=&#8220;off&#8220; disabled_on=&#8220;on|on|on&#8220; admin_label=&#8220;section&#8220; module_id=&#8220;Newsletter&#8220; disabled=&#8220;on&#8220;][et_pb_row padding_mobile=&#8220;off&#8220; column_padding_mobile=&#8220;on&#8220; admin_label=&#8220;row&#8220;][et_pb_column type=&#8220;4_4&#8243; parallax=&#8220;off&#8220; parallax_method=&#8220;on&#8220; column_padding_mobile=&#8220;on&#8220;][et_pb_signup mailchimp_list=&#8220;915863cef4&#8243; title=&#8220;Jetzt Standort sichern&#8220; button_text=&#8220;Los geht\u00b4s&#8220; use_background_color=&#8220;off&#8220; admin_label=&#8220;Abonnieren&#8220; header_font=&#8220;|on|||&#8220; header_line_height=&#8220;2em&#8220; body_font=&#8220;|on|||&#8220; body_line_height=&#8220;2em&#8220; custom_button=&#8220;on&#8220; button_bg_color=&#8220;#83c138&#8243; button_border_color=&#8220;#66a500&#8243;]<\/p>\n<p>Fordern\u00a0Sie schon jetzt Ihren kostenlosen Firmeneintrag in unserem Beratungsportal an und machen Sie damit den ersten\u00a0Schritt zu mehr Kunden, langfristigen Kundenbeziehungen und wachsender Reputation. Wir informieren Sie sobald es losgeht.<\/p>\n<p>[\/et_pb_signup][\/et_pb_column][\/et_pb_row][\/et_pb_section][et_pb_section fb_built=&#8220;1&#8243; padding_mobile=&#8220;off&#8220; admin_label=&#8220;section&#8220; module_id=&#8220;funktionen&#8220;][et_pb_row padding_mobile=&#8220;off&#8220; column_padding_mobile=&#8220;on&#8220; admin_label=&#8220;row&#8220;][et_pb_column type=&#8220;4_4&#8243; parallax=&#8220;off&#8220; parallax_method=&#8220;on&#8220; column_padding_mobile=&#8220;on&#8220;][et_pb_text text_orientation=&#8220;center&#8220; text_font=&#8220;|on|||&#8220; text_font_size=&#8220;16&#8243; text_line_height=&#8220;2em&#8220;]<\/p>\n<h2><strong>Alles auf einer Plattform<\/strong><\/h2>\n<p>[\/et_pb_text][\/et_pb_column][\/et_pb_row][et_pb_row padding_mobile=&#8220;off&#8220; column_padding_mobile=&#8220;on&#8220; admin_label=&#8220;row&#8220;][et_pb_column type=&#8220;1_3&#8243; parallax=&#8220;off&#8220; parallax_method=&#8220;on&#8220; column_padding_mobile=&#8220;on&#8220;][et_pb_blurb title=&#8220;Lokales Firmenverzeichnis&#8220; use_icon=&#8220;on&#8220; font_icon=&#8220;%%122%%&#8220; icon_placement=&#8220;left&#8220; animation=&#8220;off&#8220; admin_label=&#8220;Lokales Firmenverzeichnis&#8220; body_line_height=&#8220;2em&#8220;]<\/p>\n<p>Ihr individuelles Firmenprofil auf unserer lokalen Beratungsplattform.<\/p>\n<p>[\/et_pb_blurb][et_pb_blurb title=&#8220;Landingpages&#8220; use_icon=&#8220;on&#8220; font_icon=&#8220;\ue60c&#8220; icon_placement=&#8220;left&#8220; animation=&#8220;off&#8220; admin_label=&#8220;Landingpages&#8220; body_line_height=&#8220;2em&#8220;]<\/p>\n<p>Generieren Sie Leads \u00fcber fokussierte und vertriebsorientierte Landingpages.<\/p>\n<p>[\/et_pb_blurb][et_pb_blurb title=&#8220;Facebookmarketing&#8220; use_icon=&#8220;on&#8220; font_icon=&#8220;%%291%%&#8220; icon_placement=&#8220;left&#8220; animation=&#8220;off&#8220; admin_label=&#8220;Facebookmarketing&#8220; body_line_height=&#8220;2em&#8220;]<\/p>\n<p>Wir steuern und optimieren Ihre Facebook Anzeigen.<\/p>\n<p>[\/et_pb_blurb][et_pb_blurb title=&#8220;Emailmarketing&#8220; use_icon=&#8220;on&#8220; font_icon=&#8220;\ue010&#8220; icon_placement=&#8220;left&#8220; animation=&#8220;off&#8220; admin_label=&#8220;Emailmarketing&#8220; body_line_height=&#8220;2em&#8220;]<\/p>\n<p>Personalisierte\u00a0Email-Kampagnen\u00a0f\u00fcr nachhaltigen Vertriebserfolg.<\/p>\n<p>[\/et_pb_blurb][\/et_pb_column][et_pb_column type=&#8220;1_3&#8243; parallax=&#8220;off&#8220; parallax_method=&#8220;on&#8220; column_padding_mobile=&#8220;on&#8220;][et_pb_blurb title=&#8220;Mobile Web App&#8220; use_icon=&#8220;on&#8220; font_icon=&#8220;\ue00b&#8220; icon_placement=&#8220;left&#8220; animation=&#8220;off&#8220; admin_label=&#8220;Mobile Web App&#8220; body_line_height=&#8220;2em&#8220;]<\/p>\n<p>Die mobile L\u00f6sung f\u00fcr direkten Kontakt und optimale Kundenbindung.<\/p>\n<p>[\/et_pb_blurb][et_pb_blurb title=&#8220;Empfehlungsmarketing&#8220; use_icon=&#8220;on&#8220; font_icon=&#8220;\ue605&#8220; icon_placement=&#8220;left&#8220; animation=&#8220;off&#8220; admin_label=&#8220;Empfehlungsmarketing&#8220; body_line_height=&#8220;2em&#8220;]<\/p>\n<p>Setzen Sie Anreize und belohnen Sie Ihre Kunden f\u00fcr Empfehlungen.<\/p>\n<p>[\/et_pb_blurb][et_pb_blurb title=&#8220;Social Media&#8220; use_icon=&#8220;on&#8220; font_icon=&#8220;%%151%%&#8220; icon_placement=&#8220;left&#8220; animation=&#8220;off&#8220; admin_label=&#8220;Social Media&#8220; body_line_height=&#8220;2em&#8220;]<\/p>\n<p>Anbindung und Optimierung Ihrer Social Media Accounts.<\/p>\n<p>[\/et_pb_blurb][et_pb_blurb title=&#8220;Contentmarketing&#8220; use_icon=&#8220;on&#8220; font_icon=&#8220;%%72%%&#8220; icon_placement=&#8220;left&#8220; animation=&#8220;off&#8220; admin_label=&#8220;Contentmarketing&#8220; body_line_height=&#8220;2em&#8220;]<\/p>\n<p>Hochwertige und Relevante Inhalte zur Expertenpositionierung.<\/p>\n<p>[\/et_pb_blurb][\/et_pb_column][et_pb_column type=&#8220;1_3&#8243; parallax=&#8220;off&#8220; parallax_method=&#8220;on&#8220; column_padding_mobile=&#8220;on&#8220;][et_pb_blurb title=&#8220;Dynamische Homepage&#8220; use_icon=&#8220;on&#8220; font_icon=&#8220;\ue609&#8220; icon_placement=&#8220;left&#8220; animation=&#8220;off&#8220; admin_label=&#8220;Dynamische Homepage&#8220; body_line_height=&#8220;2em&#8220;]<\/p>\n<p>Wir richten Ihre individuell konfigurierte Homepage ein.<\/p>\n<p>[\/et_pb_blurb][et_pb_blurb title=&#8220;Online-Beratung&#8220; use_icon=&#8220;on&#8220; font_icon=&#8220;%%86%%&#8220; icon_placement=&#8220;left&#8220; animation=&#8220;off&#8220; admin_label=&#8220;Online-Beratung&#8220; body_line_height=&#8220;2em&#8220;]<\/p>\n<p>Beraten Sie Ihre Kunden online per Chat oder Videoberatung.<\/p>\n<p>[\/et_pb_blurb][et_pb_blurb title=&#8220;SEO &#038; SEA&#8220; use_icon=&#8220;on&#8220; font_icon=&#8220;%%52%%&#8220; icon_placement=&#8220;left&#8220; animation=&#8220;off&#8220; admin_label=&#8220;SEO &#038; SEA&#8220; body_line_height=&#8220;2em&#8220;]<\/p>\n<p>Optimierte Inhalte f\u00fcr Suchmaschinen und lokale Anzeigen.<\/p>\n<p>[\/et_pb_blurb][et_pb_blurb title=&#8220;Erfolgskontrolle&#8220; use_icon=&#8220;on&#8220; font_icon=&#8220;%%160%%&#8220; icon_placement=&#8220;left&#8220; animation=&#8220;off&#8220; admin_label=&#8220;Erfolgskontrolle&#8220; body_line_height=&#8220;2em&#8220;]<\/p>\n<p>Kontinuierliche Erfolgskontrolle und Optimierung aller Aktivit\u00e4ten.<\/p>\n<p>[\/et_pb_blurb][\/et_pb_column][\/et_pb_row][\/et_pb_section][et_pb_section fb_built=&#8220;1&#8243; padding_mobile=&#8220;off&#8220; admin_label=&#8220;section&#8220;][et_pb_row custom_padding=&#8220;|&#8220; padding_mobile=&#8220;off&#8220; make_equal=&#8220;on&#8220; column_padding_mobile=&#8220;on&#8220; admin_label=&#8220;row&#8220;][et_pb_column type=&#8220;4_4&#8243; parallax=&#8220;off&#8220; parallax_method=&#8220;on&#8220; column_padding_mobile=&#8220;on&#8220;][et_pb_cta title=&#8220;Verwandeln Sie Ihre Online Filiale in einen Besuchermagneten&#8220; button_url=&#8220;#Newsletter&#8220; button_text=&#8220;Jetzt starten&#8220; use_background_color=&#8220;off&#8220; background_layout=&#8220;light&#8220; header_font=&#8220;|on|||&#8220; body_font_size=&#8220;16&#8243; body_line_height=&#8220;2em&#8220; custom_button=&#8220;on&#8220; button_text_color=&#8220;#ffffff&#8220; button_bg_color=&#8220;#83c138&#8243; button_border_color=&#8220;#83c138&#8243;]<\/p>\n<p style=\"text-align: center;\">Erstellen Sie mit unserer Hilfe\u00a0interessante und relevante Inhalte, die f\u00fcr Suchmaschinen und soziale Medien optimiert sind. Positionieren Sie sich als Experte und wecken Sie\u00a0das Interesse potenzieller Kunden. Generieren Sie Leads durch\u00a0fokussierte\u00a0Landing-Pages, personalisierte Emails und einer auf den Besucher zugeschnittenen Website.\u00a0Beraten Sie Ihre Kunden online und machen Sie sie zu F\u00fcrsprechern Ihres Unternehmens.<\/p>\n<p>[\/et_pb_cta][\/et_pb_column][\/et_pb_row][\/et_pb_section][et_pb_section fb_built=&#8220;1&#8243; background_color=&#8220;#333333&#8243; padding_mobile=&#8220;off&#8220;][et_pb_row padding_mobile=&#8220;off&#8220; column_padding_mobile=&#8220;on&#8220;][et_pb_column type=&#8220;4_4&#8243; parallax=&#8220;off&#8220; parallax_method=&#8220;on&#8220; column_padding_mobile=&#8220;on&#8220;][et_pb_text]<\/p>\n<p><a href=\"https:\/\/agenturenimnetz.de\/profis\/impressum\/\">Impressum<\/a><\/p>\n<p>[\/et_pb_text][\/et_pb_column][\/et_pb_row][\/et_pb_section]<\/p>\n","protected":false},"excerpt":{"rendered":"<p>Unser Beratungs- und Vertriebsportal\u00a0unterst\u00fctzt Agenturen und Makler bei der digitalen Transformation. Es versetzt Sie in die Lage, sich online als Experte zu positionieren, Interesse zu wecken, neue\u00a0Kunden zu gewinnen, digital zu beraten, und F\u00fcrsprecher zu begeistern. <div class=\"et_pb_module et_pb_text et_pb_text_0  et_pb_text_align_left et_pb_bg_layout_light\">\n\t\t\t\t\n\t\t\t\t\n\t\t\t\t\n\t\t\t\t\n\t\t\t\t\n\t\t\t<\/div> So automatisiert wie m\u00f6glich &#8211; So individuell wie n\u00f6tig Wir k\u00fcmmern uns um Ihre digitale Positionierung und sorgen [&hellip;]<\/p>\n","protected":false},"author":4,"featured_media":0,"parent":0,"menu_order":0,"comment_status":"open","ping_status":"open","template":"page-template-blank.php","meta":{"_et_pb_use_builder":"on","_et_pb_old_content":"<p>Dies ist eine Beispiel-Seite. Sie unterscheidet sich von Beitr\u00e4gen, weil sie stets an der selben Stelle bleibt und (bei den meisten Themes) in der Navigationsleiste angezeigt wird. Die meisten Leute starten mit einer \"\u00dcber uns\"-Seite mit einer Vorstellung f\u00fcr m\u00f6gliche Besucher der Website. Dort k\u00f6nnte zum Beispiel stehen:<\/p><blockquote><p>Hallo! Tags\u00fcber arbeite ich als Fahrradkurier, nachts bin ich ein aufstrebender Schauspieler und dies hier ist mein Blog. Ich lebe in Berlin, habe einen gro\u00dfen Hund namens Jack, mag die Fantastischen Vier\u00a0und ein k\u00fchles Bier.<\/p><\/blockquote><p>Als neuer WordPress-Anwender solltest Du das <a href=\"https:\/\/agenturenimnetz.de\/profis\/wp-admin\/\">Dashboard<\/a> aufrufen, um diese Seite zu l\u00f6schen und statt dessen eine neue Seite mit deinem eigenen Inhalt hinzuzuf\u00fcgen. Viel Spa\u00df!<\/p>","_et_gb_content_width":"","_exactmetrics_skip_tracking":false,"_exactmetrics_sitenote_active":false,"_exactmetrics_sitenote_note":"","_exactmetrics_sitenote_category":0},"yoast_head":"<!-- This site is optimized with the Yoast SEO plugin v16.3 - https:\/\/yoast.com\/wordpress\/plugins\/seo\/ -->\n<title>Agenturen im Netz - Digitaler Vertrieb<\/title>\n<meta name=\"description\" content=\"Das Beratungs- und Vertriebsportal f\u00fcr Versicherungen, Finanzen und Immobilien.\" \/>\n<meta name=\"robots\" content=\"index, follow, max-snippet:-1, max-image-preview:large, max-video-preview:-1\" \/>\n<link rel=\"canonical\" href=\"https:\/\/agenturenimnetz.de\/profis\/\" \/>\n<meta property=\"og:locale\" content=\"de_DE\" \/>\n<meta property=\"og:type\" content=\"article\" \/>\n<meta property=\"og:title\" content=\"Agenturen im Netz\" \/>\n<meta property=\"og:description\" content=\"Digitaler Vertrieb f\u00fcr Versicherungen, Finanzen und Immobilien\" \/>\n<meta property=\"og:url\" content=\"https:\/\/agenturenimnetz.de\/profis\/\" \/>\n<meta property=\"og:site_name\" content=\"Digitaler Vertrieb\" \/>\n<meta property=\"article:modified_time\" content=\"2018-06-17T19:23:26+00:00\" \/>\n<meta property=\"og:image\" content=\"https:\/\/agenturenimnetz.de\/profis\/wp-content\/uploads\/sites\/5\/2015\/04\/HARK.png\" \/>\n\t<meta property=\"og:image:width\" content=\"1200\" \/>\n\t<meta property=\"og:image:height\" content=\"627\" \/>\n<meta name=\"twitter:label1\" content=\"Gesch\u00e4tzte Lesezeit\">\n\t<meta name=\"twitter:data1\" content=\"8\u00a0Minuten\">\n<script type=\"application\/ld+json\" class=\"yoast-schema-graph\">{\"@context\":\"https:\/\/schema.org\",\"@graph\":[{\"@type\":\"WebSite\",\"@id\":\"https:\/\/agenturenimnetz.de\/profis\/#website\",\"url\":\"https:\/\/agenturenimnetz.de\/profis\/\",\"name\":\"Digitaler Vertrieb\",\"description\":\"\",\"potentialAction\":[{\"@type\":\"SearchAction\",\"target\":\"https:\/\/agenturenimnetz.de\/profis\/?s={search_term_string}\",\"query-input\":\"required name=search_term_string\"}],\"inLanguage\":\"de\"},{\"@type\":\"ImageObject\",\"@id\":\"https:\/\/agenturenimnetz.de\/profis\/#primaryimage\",\"inLanguage\":\"de\",\"url\":\"https:\/\/agenturenimnetz.de\/profis\/wp-content\/uploads\/sites\/5\/2015\/04\/HARK.png\",\"contentUrl\":\"https:\/\/agenturenimnetz.de\/profis\/wp-content\/uploads\/sites\/5\/2015\/04\/HARK.png\",\"width\":1200,\"height\":627},{\"@type\":\"WebPage\",\"@id\":\"https:\/\/agenturenimnetz.de\/profis\/#webpage\",\"url\":\"https:\/\/agenturenimnetz.de\/profis\/\",\"name\":\"Agenturen im Netz - Digitaler Vertrieb\",\"isPartOf\":{\"@id\":\"https:\/\/agenturenimnetz.de\/profis\/#website\"},\"datePublished\":\"2015-04-07T16:07:53+00:00\",\"dateModified\":\"2018-06-17T19:23:26+00:00\",\"description\":\"Das Beratungs- und Vertriebsportal f\\u00fcr Versicherungen, Finanzen und Immobilien.\",\"breadcrumb\":{\"@id\":\"https:\/\/agenturenimnetz.de\/profis\/#breadcrumb\"},\"inLanguage\":\"de\",\"potentialAction\":[{\"@type\":\"ReadAction\",\"target\":[\"https:\/\/agenturenimnetz.de\/profis\/\"]}]},{\"@type\":\"BreadcrumbList\",\"@id\":\"https:\/\/agenturenimnetz.de\/profis\/#breadcrumb\",\"itemListElement\":[{\"@type\":\"ListItem\",\"position\":1,\"item\":{\"@type\":\"WebPage\",\"@id\":\"https:\/\/agenturenimnetz.de\/profis\/\",\"url\":\"https:\/\/agenturenimnetz.de\/profis\/\",\"name\":\"Home\"}},{\"@type\":\"ListItem\",\"position\":2,\"item\":{\"@id\":\"https:\/\/agenturenimnetz.de\/profis\/#webpage\"}}]}]}<\/script>\n<!-- \/ Yoast SEO plugin. -->","_links":{"self":[{"href":"https:\/\/agenturenimnetz.de\/profis\/wp-json\/wp\/v2\/pages\/2"}],"collection":[{"href":"https:\/\/agenturenimnetz.de\/profis\/wp-json\/wp\/v2\/pages"}],"about":[{"href":"https:\/\/agenturenimnetz.de\/profis\/wp-json\/wp\/v2\/types\/page"}],"author":[{"embeddable":true,"href":"https:\/\/agenturenimnetz.de\/profis\/wp-json\/wp\/v2\/users\/4"}],"replies":[{"embeddable":true,"href":"https:\/\/agenturenimnetz.de\/profis\/wp-json\/wp\/v2\/comments?post=2"}],"version-history":[{"count":203,"href":"https:\/\/agenturenimnetz.de\/profis\/wp-json\/wp\/v2\/pages\/2\/revisions"}],"predecessor-version":[{"id":691,"href":"https:\/\/agenturenimnetz.de\/profis\/wp-json\/wp\/v2\/pages\/2\/revisions\/691"}],"wp:attachment":[{"href":"https:\/\/agenturenimnetz.de\/profis\/wp-json\/wp\/v2\/media?parent=2"}],"curies":[{"name":"wp","href":"https:\/\/api.w.org\/{rel}","templated":true}]}}