{"id":667,"date":"2015-07-29T22:32:20","date_gmt":"2015-07-29T20:32:20","guid":{"rendered":"http:\/\/agenturenimnetz.de\/profis\/?page_id=667"},"modified":"2019-04-02T22:26:05","modified_gmt":"2019-04-02T20:26:05","slug":"impressum","status":"publish","type":"page","link":"https:\/\/agenturenimnetz.de\/profis\/impressum\/","title":{"rendered":"Impressum"},"content":{"rendered":"<p>[et_pb_section bb_built=&#8220;1&#8243; admin_label=&#8220;section&#8220; transparent_background=&#8220;off&#8220; background_color=&#8220;#3396d1&#8243; allow_player_pause=&#8220;off&#8220; inner_shadow=&#8220;off&#8220; parallax=&#8220;off&#8220; parallax_method=&#8220;off&#8220; padding_mobile=&#8220;off&#8220; make_fullwidth=&#8220;off&#8220; use_custom_width=&#8220;off&#8220; width_unit=&#8220;on&#8220; custom_width_px=&#8220;1080px&#8220; custom_width_percent=&#8220;80%&#8220; make_equal=&#8220;off&#8220; use_custom_gutter=&#8220;off&#8220; fullwidth=&#8220;on&#8220; specialty=&#8220;off&#8220; disabled=&#8220;off&#8220;][et_pb_fullwidth_header admin_label=&#8220;Vollbreite Kopfzeile&#8220; title=&#8220;Agenturen im Netz&#8220; background_layout=&#8220;dark&#8220; text_orientation=&#8220;center&#8220; header_fullscreen=&#8220;off&#8220; header_scroll_down=&#8220;off&#8220; scroll_down_icon=&#8220;;&#8220; parallax=&#8220;off&#8220; parallax_method=&#8220;off&#8220; logo_image_url=&#8220;https:\/\/agenturenimnetz.de\/profis\/wp-content\/uploads\/sites\/5\/2015\/04\/AIN_Logo_64x64.jpg&#8220; content_orientation=&#8220;center&#8220; image_orientation=&#8220;center&#8220; title_font_size=&#8220;30px&#8220; content_font_size=&#8220;14px&#8220; custom_button_one=&#8220;off&#8220; button_one_text_size=&#8220;20&#8243; button_one_letter_spacing=&#8220;0&#8243; button_one_use_icon=&#8220;default&#8220; button_one_icon_placement=&#8220;right&#8220; button_one_on_hover=&#8220;on&#8220; button_one_letter_spacing_hover=&#8220;0&#8243; custom_button_two=&#8220;off&#8220; button_two_text_size=&#8220;20&#8243; button_two_letter_spacing=&#8220;0&#8243; button_two_use_icon=&#8220;default&#8220; button_two_icon_placement=&#8220;right&#8220; button_two_on_hover=&#8220;on&#8220; button_two_letter_spacing_hover=&#8220;0&#8243; disabled=&#8220;off&#8220; \/][\/et_pb_section][et_pb_section bb_built=&#8220;1&#8243; admin_label=&#8220;section&#8220; transparent_background=&#8220;off&#8220; allow_player_pause=&#8220;off&#8220; inner_shadow=&#8220;off&#8220; parallax=&#8220;off&#8220; parallax_method=&#8220;on&#8220; make_fullwidth=&#8220;off&#8220; use_custom_width=&#8220;off&#8220; width_unit=&#8220;off&#8220; custom_width_px=&#8220;1080px&#8220; custom_width_percent=&#8220;80%&#8220; make_equal=&#8220;off&#8220; use_custom_gutter=&#8220;off&#8220; fullwidth=&#8220;off&#8220; specialty=&#8220;off&#8220; disabled=&#8220;off&#8220;][et_pb_row admin_label=&#8220;row&#8220; make_fullwidth=&#8220;off&#8220; use_custom_width=&#8220;off&#8220; width_unit=&#8220;off&#8220; custom_width_px=&#8220;1080px&#8220; custom_width_percent=&#8220;80%&#8220; use_custom_gutter=&#8220;off&#8220; gutter_width=&#8220;3&#8243; allow_player_pause=&#8220;off&#8220; parallax=&#8220;off&#8220; parallax_method=&#8220;on&#8220; make_equal=&#8220;off&#8220; parallax_1=&#8220;off&#8220; parallax_method_1=&#8220;on&#8220; parallax_2=&#8220;off&#8220; parallax_method_2=&#8220;on&#8220; parallax_3=&#8220;off&#8220; parallax_method_3=&#8220;on&#8220; parallax_4=&#8220;off&#8220; parallax_method_4=&#8220;on&#8220; disabled=&#8220;off&#8220; background_position=&#8220;top_left&#8220; background_repeat=&#8220;repeat&#8220; background_size=&#8220;initial&#8220;][et_pb_column type=&#8220;1_3&#8243;][et_pb_text admin_label=&#8220;Text&#8220; background_layout=&#8220;light&#8220; text_orientation=&#8220;left&#8220; border_style=&#8220;solid&#8220; disabled=&#8220;off&#8220; background_position=&#8220;top_left&#8220; background_repeat=&#8220;repeat&#8220; background_size=&#8220;initial&#8220; _builder_version=&#8220;3.0.62&#8243; use_border_color=&#8220;off&#8220; border_color=&#8220;#ffffff&#8220;]<\/p>\n<h3>Impressum<\/h3>\n<p>Angaben gem\u00e4\u00df \u00a7 5 TMG<\/p>\n<p>Inbound Heroes UG (haftungsbeschr\u00e4nkt)<br \/>\nEmil-Nolde-Strasse 7<br \/>\n53113 Bonn<\/p>\n<p>Vertreten durch: Gesch\u00e4ftsf\u00fchrer, Norbert Weider<\/p>\n<p class=\"p1\"><span class=\"s1\">M. +49 170 8350879<\/span><br \/>\nE-Mail: info@inboundheroes.com<\/p>\n<p>Umsatzsteuer-Identifikationsnummer gem\u00e4\u00df \u00a7 27 a Umsatzsteuergesetz:\u00a0<span class=\"s1\">DE312983293<br \/>\n<\/span><span class=\"s1\">Amtsgericht: Bonn<br \/>\nHRB 23051<\/span><\/p>\n<p><span class=\"s1\">\u00a0<\/span><\/p>\n<p>[\/et_pb_text][\/et_pb_column][et_pb_column type=&#8220;2_3&#8243;][et_pb_text admin_label=&#8220;Text&#8220; background_layout=&#8220;light&#8220; text_orientation=&#8220;left&#8220; use_border_color=&#8220;off&#8220; border_style=&#8220;solid&#8220; disabled=&#8220;off&#8220; background_position=&#8220;top_left&#8220; background_repeat=&#8220;repeat&#8220; background_size=&#8220;initial&#8220;]<\/p>\n<h3>Haftung f\u00fcr Inhalte<\/h3>\n<p>Die Inhalte unserer Seiten wurden mit gr\u00f6\u00dfter Sorgfalt erstellt. F\u00fcr die Richtigkeit, Vollst\u00e4ndigkeit und Aktualit\u00e4t der Inhalte k\u00f6nnen wir jedoch keine Gew\u00e4hr \u00fcbernehmen. Als Diensteanbieter sind wir gem\u00e4\u00df \u00a7 7 Abs.1 TMG f\u00fcr eigene Inhalte auf diesen Seiten nach den allgemeinen Gesetzen verantwortlich. Nach \u00a7\u00a7 8 bis 10 TMG sind wir als Diensteanbieter jedoch nicht verpflichtet, \u00fcbermittelte oder gespeicherte fremde Informationen zu \u00fcberwachen oder nach Umst\u00e4nden zu forschen, die auf eine rechtswidrige T\u00e4tigkeit hinweisen. Verpflichtungen zur Entfernung oder Sperrung der Nutzung von Informationen nach den allgemeinen Gesetzen bleiben hiervon unber\u00fchrt. Eine diesbez\u00fcgliche Haftung ist jedoch erst ab dem Zeitpunkt der Kenntnis einer konkreten Rechtsverletzung m\u00f6glich. Bei Bekanntwerden von entsprechenden Rechtsverletzungen werden wir diese Inhalte umgehend entfernen.<\/p>\n<p>&nbsp;<\/p>\n<h3>Haftung f\u00fcr Links<\/h3>\n<p>Unser Angebot enth\u00e4lt Links zu externen Webseiten Dritter, auf deren Inhalte wir keinen Einfluss haben. Deshalb k\u00f6nnen wir f\u00fcr diese fremden Inhalte auch keine Gew\u00e4hr \u00fcbernehmen. F\u00fcr die Inhalte der verlinkten Seiten ist stets der jeweilige Anbieter oder Betreiber der Seiten verantwortlich. Die verlinkten Seiten wurden zum Zeitpunkt der Verlinkung auf m\u00f6gliche Rechtsverst\u00f6\u00dfe \u00fcberpr\u00fcft. Rechtswidrige Inhalte waren zum Zeitpunkt der Verlinkung nicht erkennbar. Eine permanente inhaltliche Kontrolle der verlinkten Seiten ist jedoch ohne konkrete Anhaltspunkte einer Rechtsverletzung nicht zumutbar. Bei Bekanntwerden von Rechtsverletzungen werden wir derartige Links umgehend entfernen.<\/p>\n<p>&nbsp;<\/p>\n<h3>Urheberrecht<\/h3>\n<p>Die durch die Seitenbetreiber erstellten Inhalte und Werke auf diesen Seiten unterliegen dem deutschen Urheberrecht. Die Vervielf\u00e4ltigung, Bearbeitung, Verbreitung und jede Art der Verwertung au\u00dferhalb der Grenzen des Urheberrechtes bed\u00fcrfen der schriftlichen Zustimmung des jeweiligen Autors bzw. Erstellers. Downloads und Kopien dieser Seite sind nur f\u00fcr den privaten, nicht kommerziellen Gebrauch gestattet. Soweit die Inhalte auf dieser Seite nicht vom Betreiber erstellt wurden, werden die Urheberrechte Dritter beachtet. Insbesondere werden Inhalte Dritter als solche gekennzeichnet. Sollten Sie trotzdem auf eine Urheberrechtsverletzung aufmerksam werden, bitten wir um einen entsprechenden Hinweis. Bei Bekanntwerden von Rechtsverletzungen werden wir derartige Inhalte umgehend entfernen.<\/p>\n<p>&nbsp;<\/p>\n<h3>Datenschutz<\/h3>\n<p>Die Nutzung unserer Webseite ist in der Regel ohne Angabe personenbezogener Daten m\u00f6glich. Soweit auf unseren Seiten personenbezogene Daten (beispielsweise Name, Anschrift oder eMail-Adressen) erhoben werden, erfolgt dies, soweit m\u00f6glich, stets auf freiwilliger Basis. Diese Daten werden ohne Ihre ausdr\u00fcckliche Zustimmung nicht an Dritte weitergegeben.<\/p>\n<p>Wir weisen darauf hin, dass die Daten\u00fcbertragung im Internet (z.B. bei der Kommunikation per E-Mail) Sicherheitsl\u00fccken aufweisen kann. Ein l\u00fcckenloser Schutz der Daten vor dem Zugriff durch Dritte ist nicht m\u00f6glich.<\/p>\n<p>Der Nutzung von im Rahmen der Impressumspflicht ver\u00f6ffentlichten Kontaktdaten durch Dritte zur \u00dcbersendung von nicht ausdr\u00fccklich angeforderter Werbung und Informationsmaterialien wird hiermit ausdr\u00fccklich widersprochen. Die Betreiber der Seiten behalten sich ausdr\u00fccklich rechtliche Schritte im Falle der unverlangten Zusendung von Werbeinformationen, etwa durch Spam-Mails, vor.<\/p>\n<p>Quelle: Disclaimer von eRecht24, dem Portal zum Internetrecht von Rechtsanwalt S\u00f6ren Siebert.<\/p>\n<p>&nbsp;<\/p>\n<h3>Google Analytics<\/h3>\n<p>Soweit diese Website Google Analytics, einen Webanalysedienst der Google Inc. (\u201cGoogle\u201d) benutzt, speichert Ihr Browser eventuell ein von Google Inc. oder Dritten gesendetes Cookie, dass eine Analyse Ihrer Nutzung dieser Website erm\u00f6glicht. Die so gesammelten Informationen (einschlie\u00dflich Ihrer IP-Adresse) werden an einen Server von Google in den USA \u00fcbertragen und dort gespeichert. Google nutzt diese Informationen, um Ihre Nutzung dieser Website auszuwerten, um Reports \u00fcber die Websiteaktivit\u00e4ten f\u00fcr die Websitebetreiber zusammenzustellen und um weitere mit der Websitenutzung und der Internetnutzung verbundene Dienstleistungen zu erbringen. Google wird diese Informationen gegebenenfalls auch an Dritte \u00fcbertragen, sofern dies gesetzlich vorgeschrieben oder soweit Dritte diese Daten im Auftrag von Google verarbeiten. Google wird in keinem Fall Ihre IP-Adresse mit anderen von Google gespeicherten Daten in Verbindung bringen. Die Installation der Cookies k\u00f6nnen Sie verhindern. Dazu m\u00fcssen Sie in Ihren Browser-Einstellungen \u201ckeine Cookies akzeptieren\u201d w\u00e4hlen (Im Internet-Explorer unter \u201cExtras \/ Internetoptionen \/ Datenschutz \/ Einstellung\u201d, bei Firefox unter \u201cExtras \/ Einstellungen \/ Datenschutz \/ Cookies\u201d). Es wird darauf hingewiesen, dass Sie in diesem Fall gegebenenfalls nicht s\u00e4mtliche Funktionen dieser Website voll umf\u00e4nglich nutzen k\u00f6nnen. Durch die Nutzung dieser Website erkl\u00e4ren Sie sich mit der Bearbeitung der \u00fcber Sie erhobenen Daten durch Google in der zuvor beschriebenen Art und Weise und zu dem zuvor benannten Zweck einverstanden.<\/p>\n<p>&nbsp;<\/p>\n<h3>Facebook Social Plugins<\/h3>\n<p>Auf unserer Website sind zudem Programme (Plug-ins) des sozialen Netzwerks Facebook enthalten. Diese werden ausschlie\u00dflich von der Facebook Inc., 1601 S. California Ave, Palo Alto, CA 94304, USA (Facebook) betrieben. Die Plug-Ins sind im Rahmen unseres Internetauftritts durch das Facebook Logo oder den Zusatz \u201eGef\u00e4llt mir\u201d kenntlich gemacht. Beim Besuch einer Website unseres Internetauftritts, die ein derartiges Plug-in beinhaltet, stellt ihr Browser eine direkte Verbindung mit den Servern von Facebook her, wodurch wiederum der Inhalt des Plug-ins an Ihren Browser \u00fcbermittelt und von diesem in die dargestellte Website eingebunden wird. Hierdurch wird die Information, dass Sie unsere Website besucht haben, an Facebook weitergeleitet. Sofern Sie w\u00e4hrend des Besuchs unserer Website \u00fcber Ihr pers\u00f6nliches Benutzerkonto bei Facebook eingeloggt sind, kann Facebook den Websitebesuch diesem Konto zuordnen. Durch Interaktion mit Plug-ins, z.B. durch anklicken des \u201eGef\u00e4llt mir\u201c-Buttons oder hinterlassen eines Kommentars werden diese entsprechenden Informationen direkt an Facebook \u00fcbermittelt und dort gespeichert. Wenn Sie eine solche Daten\u00fcbermittlung unterbinden m\u00f6chten, m\u00fcssen Sie sich vor dem Besuch unseres Internetauftritts unter Ihrem Facebook-Account ausloggen.<\/p>\n<p>Zweck und Umfang der Datenerhebung durch Facebook sowie die dortige weitere Verarbeitung und Nutzung Ihrer Daten wie auch Ihre diesbez\u00fcglichen Rechte und Einstellungsm\u00f6glichkeiten zum Schutz Ihrer Privatssph\u00e4re entnehmen Sie bitte den Datenschutzhinweisen von Facebook (https:\/\/de-de.facebook.com\/privacy\/explanation.php).<\/p>\n<p>Diese Datenschutzerkl\u00e4rung wurde von der Kanzlei WILDE BEUGER SOLMECKE erstellt und ist auf\u00a0https:\/\/www.wbs-law.de\u00a0zu finden.<\/p>\n<p>[\/et_pb_text][\/et_pb_column][\/et_pb_row][\/et_pb_section]<\/p>\n","protected":false},"excerpt":{"rendered":"<p>Impressum Angaben gem\u00e4\u00df \u00a7 5 TMG Inbound Heroes UG (haftungsbeschr\u00e4nkt) Emil-Nolde-Strasse 7 53113 Bonn Vertreten durch: Gesch\u00e4ftsf\u00fchrer, Norbert Weider M. +49 170 8350879 E-Mail: info@inboundheroes.com Umsatzsteuer-Identifikationsnummer gem\u00e4\u00df \u00a7 27 a Umsatzsteuergesetz:\u00a0DE312983293 Amtsgericht: Bonn HRB 23051 \u00a0 Haftung f\u00fcr Inhalte Die Inhalte unserer Seiten wurden mit gr\u00f6\u00dfter Sorgfalt erstellt. F\u00fcr die Richtigkeit, Vollst\u00e4ndigkeit und Aktualit\u00e4t der [&hellip;]<\/p>\n","protected":false},"author":1,"featured_media":0,"parent":0,"menu_order":0,"comment_status":"open","ping_status":"open","template":"page-template-blank.php","meta":{"_et_pb_use_builder":"on","_et_pb_old_content":"","_et_gb_content_width":"","_exactmetrics_skip_tracking":false,"_exactmetrics_sitenote_active":false,"_exactmetrics_sitenote_note":"","_exactmetrics_sitenote_category":0},"yoast_head":"<!-- This site is optimized with the Yoast SEO plugin v16.3 - https:\/\/yoast.com\/wordpress\/plugins\/seo\/ -->\n<title>Impressum - Digitaler Vertrieb<\/title>\n<meta name=\"robots\" content=\"noindex, nofollow\" \/>\n<meta property=\"og:locale\" content=\"de_DE\" \/>\n<meta property=\"og:type\" content=\"article\" \/>\n<meta property=\"og:title\" content=\"Impressum - Digitaler Vertrieb\" \/>\n<meta property=\"og:description\" content=\"START CREATING TODAY\" \/>\n<meta property=\"og:url\" content=\"https:\/\/agenturenimnetz.de\/profis\/impressum\/\" \/>\n<meta property=\"og:site_name\" content=\"Digitaler Vertrieb\" \/>\n<meta property=\"article:modified_time\" content=\"2019-04-02T20:26:05+00:00\" \/>\n<meta name=\"twitter:label1\" content=\"Gesch\u00e4tzte Lesezeit\">\n\t<meta name=\"twitter:data1\" content=\"7\u00a0Minuten\">\n<script type=\"application\/ld+json\" class=\"yoast-schema-graph\">{\"@context\":\"https:\/\/schema.org\",\"@graph\":[{\"@type\":\"WebSite\",\"@id\":\"https:\/\/agenturenimnetz.de\/profis\/#website\",\"url\":\"https:\/\/agenturenimnetz.de\/profis\/\",\"name\":\"Digitaler Vertrieb\",\"description\":\"\",\"potentialAction\":[{\"@type\":\"SearchAction\",\"target\":\"https:\/\/agenturenimnetz.de\/profis\/?s={search_term_string}\",\"query-input\":\"required name=search_term_string\"}],\"inLanguage\":\"de\"},{\"@type\":\"WebPage\",\"@id\":\"https:\/\/agenturenimnetz.de\/profis\/impressum\/#webpage\",\"url\":\"https:\/\/agenturenimnetz.de\/profis\/impressum\/\",\"name\":\"Impressum - Digitaler Vertrieb\",\"isPartOf\":{\"@id\":\"https:\/\/agenturenimnetz.de\/profis\/#website\"},\"datePublished\":\"2015-07-29T20:32:20+00:00\",\"dateModified\":\"2019-04-02T20:26:05+00:00\",\"breadcrumb\":{\"@id\":\"https:\/\/agenturenimnetz.de\/profis\/impressum\/#breadcrumb\"},\"inLanguage\":\"de\",\"potentialAction\":[{\"@type\":\"ReadAction\",\"target\":[\"https:\/\/agenturenimnetz.de\/profis\/impressum\/\"]}]},{\"@type\":\"BreadcrumbList\",\"@id\":\"https:\/\/agenturenimnetz.de\/profis\/impressum\/#breadcrumb\",\"itemListElement\":[{\"@type\":\"ListItem\",\"position\":1,\"item\":{\"@type\":\"WebPage\",\"@id\":\"https:\/\/agenturenimnetz.de\/profis\/\",\"url\":\"https:\/\/agenturenimnetz.de\/profis\/\",\"name\":\"Home\"}},{\"@type\":\"ListItem\",\"position\":2,\"item\":{\"@id\":\"https:\/\/agenturenimnetz.de\/profis\/impressum\/#webpage\"}}]}]}<\/script>\n<!-- \/ Yoast SEO plugin. -->","_links":{"self":[{"href":"https:\/\/agenturenimnetz.de\/profis\/wp-json\/wp\/v2\/pages\/667"}],"collection":[{"href":"https:\/\/agenturenimnetz.de\/profis\/wp-json\/wp\/v2\/pages"}],"about":[{"href":"https:\/\/agenturenimnetz.de\/profis\/wp-json\/wp\/v2\/types\/page"}],"author":[{"embeddable":true,"href":"https:\/\/agenturenimnetz.de\/profis\/wp-json\/wp\/v2\/users\/1"}],"replies":[{"embeddable":true,"href":"https:\/\/agenturenimnetz.de\/profis\/wp-json\/wp\/v2\/comments?post=667"}],"version-history":[{"count":7,"href":"https:\/\/agenturenimnetz.de\/profis\/wp-json\/wp\/v2\/pages\/667\/revisions"}],"predecessor-version":[{"id":880,"href":"https:\/\/agenturenimnetz.de\/profis\/wp-json\/wp\/v2\/pages\/667\/revisions\/880"}],"wp:attachment":[{"href":"https:\/\/agenturenimnetz.de\/profis\/wp-json\/wp\/v2\/media?parent=667"}],"curies":[{"name":"wp","href":"https:\/\/api.w.org\/{rel}","templated":true}]}}